{"id":366,"date":"2025-07-21T12:02:56","date_gmt":"2025-07-21T12:02:56","guid":{"rendered":"https:\/\/vicentbertranarquitecto.com\/about\/"},"modified":"2025-07-22T11:53:23","modified_gmt":"2025-07-22T11:53:23","slug":"sobre-nosotros","status":"publish","type":"page","link":"https:\/\/vicentbertranarquitecto.com\/ca\/sobre-nosotros\/","title":{"rendered":"Sobre nosaltres"},"content":{"rendered":"<div class=\"wp-block-uagb-container uagb-block-c44d4222 alignfull uagb-is-root-container\"><div class=\"uagb-container-inner-blocks-wrap\">\n<div class=\"wp-block-uagb-advanced-heading uagb-block-59e8c2b5\"><h1 class=\"uagb-heading-text\">Sobre nosaltres<\/h1><\/div>\n<\/div><\/div>\n\n\n\n<div class=\"wp-block-uagb-container uagb-block-881d64b2 alignfull uagb-is-root-container\"><div class=\"uagb-container-inner-blocks-wrap\">\n<div class=\"wp-block-uagb-advanced-heading uagb-block-a75a3ac7\"><h2 class=\"uagb-heading-text\">Una hist\u00f2ria marcada per la passi\u00f3<\/h2><\/div>\n\n\n\n<div class=\"wp-block-uagb-separator uagb-block-519f7c3c\"><div class=\"wp-block-uagb-separator__inner\" style=\"--my-background-image:\"><\/div><\/div>\n\n\n\n<div class=\"wp-block-uagb-container uagb-block-0fe98f63\">\n<div class=\"wp-block-uagb-advanced-heading uagb-block-def40c29\"><h5 class=\"uagb-heading-text\">Al cor de la Vall d&#039;Alba hi ha Vicent Bertr\u00e1n Arquitectura, una empresa que ha crescut amb la passi\u00f3 de transformar l&#039;arquitectura en espais plens de vida i emoci\u00f3.<\/h5><\/div>\n\n\n\n<div class=\"wp-block-uagb-advanced-heading uagb-block-2afafc60\"><p class=\"uagb-heading-text\">El 2007 Vicent Bertr\u00e1n finalitza els estudis a l&#039;Escola T\u00e8cnica Superior d&#039;Arquitectura de Val\u00e8ncia i obre el seu propi despatx a Castell\u00f3.<\/p><p class=\"uagb-desc-text\">Des dels primers enc\u00e0rrecs, l&#039;estudi se centra en habitatges unifamiliars, reformes i condicionaments de locals i oficines, sempre amb un enfocament clar: dissenyar espais funcionals i moderns, que siguin aut\u00e8ntics refugis emocionals, pensats per ser viscuts i gaudits.<br><br>Aquesta etapa va portar un tracte directe i proper amb cada client, afavorint projectes pensats a mida per als qui els habitaven. Conforme augmentaven la confian\u00e7a, els enc\u00e0rrecs i l&#039;equip, va sorgir l&#039;oportunitat de fer un pas endavant.<br><br>El 2022, el creixement va culminar amb l&#039;obertura d&#039;unes oficines noves i \u00e0mplies a la Vall d&#039;Alba. Aquest canvi no nom\u00e9s va significar centralitzar i professionalitzar l&#039;activitat empresarial, sin\u00f3 tamb\u00e9 consolidar l&#039;enlla\u00e7 amb la comunitat local, tot preservant l&#039;ess\u00e8ncia de proximitat, dedicaci\u00f3 i comprom\u00eds que defineix Vicent Bertran Arquitectura.<br><br>L&#039;empresa mant\u00e9 com a prioritat crear llars i espais on les persones vulguin viure plenament, amb un enfocament al benestar, l&#039;atenci\u00f3 personalitzada i la qualitat en cada projecte.<br><\/p><\/div>\n<\/div>\n\n\n\t\t\t\t\t<div\n\t\t\t\t\t\tclass=\"wp-block-uagb-image-gallery uagb-block-e19dbbf7\"\n\t\t\t\t\t\tstyle=\"\"\n\t\t\t\t\t>\n\t\t\t\t\t\t\t\t\t\t\t<div class=\"spectra-image-gallery spectra-image-gallery__layout--grid spectra-image-gallery__layout--grid-col-3 spectra-image-gallery__layout--grid-col-tab-3 spectra-image-gallery__layout--grid-col-mob-1\">\n\t\t\t\t\t\t\t\t\t\t\t<div class='spectra-image-gallery__media-wrapper' data-spectra-gallery-image-id='817' tabindex=\"0\">\n\t\t\t\t\t\t\t<div class=\"spectra-image-gallery__media spectra-image-gallery__media--grid\">\n\t\t\t\t<picture>\n\t\t\t\t\t<source media=\"(min-width: 1024px)\" srcset=\"https:\/\/vicentbertranarquitecto.com\/wp-content\/uploads\/2025\/07\/8-scaled.jpg\">\n\t\t\t\t\t<source media=\"(min-width: 768px)\" srcset=\"https:\/\/vicentbertranarquitecto.com\/wp-content\/uploads\/2025\/07\/8-1024x1024.jpg\">\n\t\t\t\t\t<img decoding=\"async\" class=\"spectra-image-gallery__media-thumbnail spectra-image-gallery__media-thumbnail--grid\" src=\"https:\/\/vicentbertranarquitecto.com\/wp-content\/uploads\/2025\/07\/8-300x300.jpg\" alt=\"\" loading=\"lazy\" \/>\n\t\t\t\t<\/picture>\n\t\t\t\t<div class=\"spectra-image-gallery__media-thumbnail-blurrer\"><\/div>\n\t\t\t\t\t\t\t\t\t\t\t<div class=\"spectra-image-gallery__media-thumbnail-caption-wrapper spectra-image-gallery__media-thumbnail-caption-wrapper--overlay\"><\/div>\n\t\t\t\t\t\t\t\t<\/div>\n\t\t\t\t\t\t<\/div>\n\t\t\t\t\t\t<div class='spectra-image-gallery__media-wrapper' data-spectra-gallery-image-id='818' tabindex=\"0\">\n\t\t\t\t\t\t\t<div class=\"spectra-image-gallery__media spectra-image-gallery__media--grid\">\n\t\t\t\t<picture>\n\t\t\t\t\t<source media=\"(min-width: 1024px)\" srcset=\"https:\/\/vicentbertranarquitecto.com\/wp-content\/uploads\/2025\/07\/9-scaled.jpg\">\n\t\t\t\t\t<source media=\"(min-width: 768px)\" srcset=\"https:\/\/vicentbertranarquitecto.com\/wp-content\/uploads\/2025\/07\/9-1024x1024.jpg\">\n\t\t\t\t\t<img decoding=\"async\" class=\"spectra-image-gallery__media-thumbnail spectra-image-gallery__media-thumbnail--grid\" src=\"https:\/\/vicentbertranarquitecto.com\/wp-content\/uploads\/2025\/07\/9-300x300.jpg\" alt=\"\" loading=\"lazy\" \/>\n\t\t\t\t<\/picture>\n\t\t\t\t<div class=\"spectra-image-gallery__media-thumbnail-blurrer\"><\/div>\n\t\t\t\t\t\t\t\t\t\t\t<div class=\"spectra-image-gallery__media-thumbnail-caption-wrapper spectra-image-gallery__media-thumbnail-caption-wrapper--overlay\"><\/div>\n\t\t\t\t\t\t\t\t<\/div>\n\t\t\t\t\t\t<\/div>\n\t\t\t\t\t\t<div class='spectra-image-gallery__media-wrapper' data-spectra-gallery-image-id='819' tabindex=\"0\">\n\t\t\t\t\t\t\t<div class=\"spectra-image-gallery__media spectra-image-gallery__media--grid\">\n\t\t\t\t<picture>\n\t\t\t\t\t<source media=\"(min-width: 1024px)\" srcset=\"https:\/\/vicentbertranarquitecto.com\/wp-content\/uploads\/2025\/07\/10-scaled.jpg\">\n\t\t\t\t\t<source media=\"(min-width: 768px)\" srcset=\"https:\/\/vicentbertranarquitecto.com\/wp-content\/uploads\/2025\/07\/10-1024x1024.jpg\">\n\t\t\t\t\t<img decoding=\"async\" class=\"spectra-image-gallery__media-thumbnail spectra-image-gallery__media-thumbnail--grid\" src=\"https:\/\/vicentbertranarquitecto.com\/wp-content\/uploads\/2025\/07\/10-300x300.jpg\" alt=\"\" loading=\"lazy\" \/>\n\t\t\t\t<\/picture>\n\t\t\t\t<div class=\"spectra-image-gallery__media-thumbnail-blurrer\"><\/div>\n\t\t\t\t\t\t\t\t\t\t\t<div class=\"spectra-image-gallery__media-thumbnail-caption-wrapper spectra-image-gallery__media-thumbnail-caption-wrapper--overlay\"><\/div>\n\t\t\t\t\t\t\t\t<\/div>\n\t\t\t\t\t\t<\/div>\n\t\t\t\t\t\t\t\t\t\t<\/div>\n\t\t\t\t\t\t\t\t\t\t\t\t\t\t\t\t\t\t<\/div>\n\t\t\t\t\t\t\t\t\t<\/div><\/div>\n\n\n\n<div class=\"wp-block-uagb-container uagb-layout-grid uagb-block-5dd0ec52 alignfull uagb-is-root-container\"><div class=\"uagb-container-inner-blocks-wrap\">\n<div class=\"wp-block-uagb-info-box uagb-block-e4045959 uagb-infobox__content-wrap  uagb-infobox-icon-above-title uagb-infobox-image-valign-top wp-block-uagb-info-box--has-margin\"><div class=\"uagb-infobox-margin-wrapper\"><div class=\"uagb-ifb-content\"><div class=\"uagb-ifb-icon-wrap\"><svg xmlns=\"https:\/\/www.w3.org\/2000\/svg\" viewbox=\"0 0 384 512\"><path d=\"M168.3 499.2C116.1 435 0 279.4 0 192C0 85.96 85.96 0 192 0C298 0 384 85.96 384 192C384 279.4 267 435 215.7 499.2C203.4 514.5 180.6 514.5 168.3 499.2H168.3zM192 256C227.3 256 256 227.3 256 192C256 156.7 227.3 128 192 128C156.7 128 128 156.7 128 192C128 227.3 156.7 256 192 256z\"><\/path><\/svg><\/div><div class=\"uagb-ifb-title-wrap\"><h2 class=\"uagb-ifb-title\">Pres\u00e8ncia a Castell\u00f3, Val\u00e8ncia i Terol<\/h2><\/div><\/div><\/div><\/div>\n\n\n\n<div class=\"wp-block-uagb-container uagb-layout-flex uagb-block-76073791\">\n<div class=\"wp-block-uagb-counter uagb-block-39788ba2 wp-block-uagb-counter--number\"><div class=\"wp-block-uagb-counter__number\"><span class=\"uagb-counter-block-prefix\">+<\/span><span class=\"uagb-counter-block-number\" data-duration=\"1.5\" data-to-value=\"15\" data-from-value=\"0\" data-delimiter=\",\"><\/span><\/div><div class=\"wp-block-uagb-counter__title\">Anys d&#039;experi\u00e8ncia<\/div><\/div>\n<\/div>\n<\/div><\/div>","protected":false},"excerpt":{"rendered":"<p>Sobre nosaltres Una hist\u00f2ria marcada per la passi\u00f3 Al cor de la Vall d&#039;Alba hi ha Vicent Bertr\u00e1n Arquitectura, una empresa que ha crescut amb la passi\u00f3 de transformar l&#039;arquitectura en espais plens de vida i emoci\u00f3. El 2007 Vicent Bertr\u00e1n finalitza els estudis a l&#039;Escola T\u00e8cnica Superior d&#039;Arquitectura de Val\u00e8ncia i [\u2026]<\/p>","protected":false},"author":1,"featured_media":0,"parent":0,"menu_order":0,"comment_status":"closed","ping_status":"closed","template":"","meta":{"_uag_custom_page_level_css":"","site-sidebar-layout":"no-sidebar","site-content-layout":"page-builder","ast-site-content-layout":"full-width-container","site-content-style":"unboxed","site-sidebar-style":"unboxed","ast-global-header-display":"","ast-banner-title-visibility":"","ast-main-header-display":"","ast-hfb-above-header-display":"","ast-hfb-below-header-display":"","ast-hfb-mobile-header-display":"","site-post-title":"disabled","ast-breadcrumbs-content":"","ast-featured-img":"disabled","footer-sml-layout":"","theme-transparent-header-meta":"enabled","adv-header-id-meta":"","stick-header-meta":"","header-above-stick-meta":"","header-main-stick-meta":"","header-below-stick-meta":"","astra-migrate-meta-layouts":"set","ast-page-background-enabled":"default","ast-page-background-meta":{"desktop":{"background-color":"var(--ast-global-color-4)","background-image":"","background-repeat":"repeat","background-position":"center center","background-size":"auto","background-attachment":"scroll","background-type":"","background-media":"","overlay-type":"","overlay-color":"","overlay-opacity":"","overlay-gradient":""},"tablet":{"background-color":"","background-image":"","background-repeat":"repeat","background-position":"center center","background-size":"auto","background-attachment":"scroll","background-type":"","background-media":"","overlay-type":"","overlay-color":"","overlay-opacity":"","overlay-gradient":""},"mobile":{"background-color":"","background-image":"","background-repeat":"repeat","background-position":"center center","background-size":"auto","background-attachment":"scroll","background-type":"","background-media":"","overlay-type":"","overlay-color":"","overlay-opacity":"","overlay-gradient":""}},"ast-content-background-meta":{"desktop":{"background-color":"var(--ast-global-color-5)","background-image":"","background-repeat":"repeat","background-position":"center center","background-size":"auto","background-attachment":"scroll","background-type":"","background-media":"","overlay-type":"","overlay-color":"","overlay-opacity":"","overlay-gradient":""},"tablet":{"background-color":"var(--ast-global-color-5)","background-image":"","background-repeat":"repeat","background-position":"center center","background-size":"auto","background-attachment":"scroll","background-type":"","background-media":"","overlay-type":"","overlay-color":"","overlay-opacity":"","overlay-gradient":""},"mobile":{"background-color":"var(--ast-global-color-5)","background-image":"","background-repeat":"repeat","background-position":"center center","background-size":"auto","background-attachment":"scroll","background-type":"","background-media":"","overlay-type":"","overlay-color":"","overlay-opacity":"","overlay-gradient":""}},"footnotes":""},"class_list":["post-366","page","type-page","status-publish","hentry"],"uagb_featured_image_src":{"full":false,"thumbnail":false,"medium":false,"medium_large":false,"large":false,"1536x1536":false,"2048x2048":false,"trp-custom-language-flag":false},"uagb_author_info":{"display_name":"vicentbertranarquitecto.com","author_link":"https:\/\/vicentbertranarquitecto.com\/ca\/author\/vicentbertranarquitecto-com\/"},"uagb_comment_info":0,"uagb_excerpt":"Sobre nosotros Una historia marcada por la pasi\u00f3n En el coraz\u00f3n de Vall d\u2019Alba se encuentra Vicent Bertr\u00e1n Arquitectura, una empresa que ha crecido con la pasi\u00f3n de transformar la arquitectura en espacios llenos de vida y emoci\u00f3n. En 2007 Vicent Bertr\u00e1n finaliza sus estudios en la Escuela T\u00e9cnica Superior de Arquitectura de Valencia y&hellip;","_links":{"self":[{"href":"https:\/\/vicentbertranarquitecto.com\/ca\/wp-json\/wp\/v2\/pages\/366","targetHints":{"allow":["GET"]}}],"collection":[{"href":"https:\/\/vicentbertranarquitecto.com\/ca\/wp-json\/wp\/v2\/pages"}],"about":[{"href":"https:\/\/vicentbertranarquitecto.com\/ca\/wp-json\/wp\/v2\/types\/page"}],"author":[{"embeddable":true,"href":"https:\/\/vicentbertranarquitecto.com\/ca\/wp-json\/wp\/v2\/users\/1"}],"replies":[{"embeddable":true,"href":"https:\/\/vicentbertranarquitecto.com\/ca\/wp-json\/wp\/v2\/comments?post=366"}],"version-history":[{"count":5,"href":"https:\/\/vicentbertranarquitecto.com\/ca\/wp-json\/wp\/v2\/pages\/366\/revisions"}],"predecessor-version":[{"id":865,"href":"https:\/\/vicentbertranarquitecto.com\/ca\/wp-json\/wp\/v2\/pages\/366\/revisions\/865"}],"wp:attachment":[{"href":"https:\/\/vicentbertranarquitecto.com\/ca\/wp-json\/wp\/v2\/media?parent=366"}],"curies":[{"name":"wp","href":"https:\/\/api.w.org\/{rel}","templated":true}]}}