{"id":368,"date":"2025-07-21T12:02:56","date_gmt":"2025-07-21T12:02:56","guid":{"rendered":"https:\/\/vicentbertranarquitecto.com\/what-we-do\/"},"modified":"2025-07-22T11:58:08","modified_gmt":"2025-07-22T11:58:08","slug":"servicios","status":"publish","type":"page","link":"https:\/\/vicentbertranarquitecto.com\/ca\/servicios\/","title":{"rendered":"Serveis"},"content":{"rendered":"<div class=\"wp-block-uagb-container uagb-block-92f3aa19 alignfull uagb-is-root-container\"><div class=\"uagb-container-inner-blocks-wrap\">\n<div class=\"wp-block-uagb-advanced-heading uagb-block-c7b21669\"><h1 class=\"uagb-heading-text\">Serveis<\/h1><\/div>\n<\/div><\/div>\n\n\n\n<div class=\"wp-block-uagb-container uagb-block-c8f2cf41 alignfull uagb-is-root-container\"><div class=\"uagb-container-inner-blocks-wrap\">\n<div class=\"wp-block-uagb-advanced-heading uagb-block-fccfbf18\"><h2 class=\"uagb-heading-text\">Els nostres serveis, la teva idea.<\/h2><div class=\"uagb-separator\"><\/div><\/div>\n<\/div><\/div>\n\n\n\n<div class=\"wp-block-uagb-container uagb-block-d9ef2b6f alignfull uagb-is-root-container\"><div class=\"uagb-container-inner-blocks-wrap\">\n<div class=\"wp-block-uagb-image uagb-block-81d08227 wp-block-uagb-image--layout-default wp-block-uagb-image--effect-static wp-block-uagb-image--align-none\"><figure class=\"wp-block-uagb-image__figure\"><img decoding=\"async\" srcset=\"https:\/\/vicentbertranarquitecto.com\/wp-content\/uploads\/2025\/07\/9-1024x1024.jpg ,https:\/\/vicentbertranarquitecto.com\/wp-content\/uploads\/2025\/07\/9-scaled.jpg 780w, https:\/\/vicentbertranarquitecto.com\/wp-content\/uploads\/2025\/07\/9-scaled.jpg 360w\" sizes=\"auto, (max-width: 480px) 150px\" src=\"https:\/\/vicentbertranarquitecto.com\/wp-content\/uploads\/2025\/07\/9-1024x1024.jpg\" alt=\"\" class=\"uag-image-818\" width=\"430\" height=\"500\" title=\"9\" loading=\"lazy\" role=\"img\"\/><\/figure><\/div>\n\n\n\n<div class=\"wp-block-uagb-advanced-heading uagb-block-1d2b29cd\"><h3 class=\"uagb-heading-text\"><strong>Reformes<\/strong><\/h3><div class=\"uagb-separator\"><\/div><\/div>\n\n\n\n<div class=\"wp-block-uagb-advanced-heading uagb-block-023628b3\"><p class=\"uagb-desc-text\">Realitzaci\u00f3 de reformes integrals i parcials tant a habitatges com a locals i oficines.<br><br>Enfocament a la modernitat, l&#039;optimitzaci\u00f3 de l&#039;espai, la funcionalitat i la qualitat de materials.<br><br>Especial atenci\u00f3 a adaptar cada reforma a les necessitats i estil de vida de cada client, cercant sempre crear espais que aportin confort, benestar i harmonia.<br><br>Gesti\u00f3 completa del projecte de reforma, des de la concepci\u00f3 del disseny fins al seguiment de l&#039;obra i el lliurament final, garantint resultats personalitzats i eficients.<\/p><\/div>\n<\/div><\/div>\n\n\n\n<div class=\"wp-block-uagb-container uagb-block-e82debc1 alignfull uagb-is-root-container\"><div class=\"uagb-container-inner-blocks-wrap\">\n<div class=\"wp-block-uagb-advanced-heading uagb-block-f81670e2\"><h3 class=\"uagb-heading-text\">Assessoria<\/h3><div class=\"uagb-separator\"><\/div><\/div>\n\n\n\n<div class=\"wp-block-uagb-advanced-heading uagb-block-8924cbaa\"><p class=\"uagb-desc-text\">Servei d&#039;assessorament arquitect\u00f2nic a totes les fases del projecte: des de l&#039;an\u00e0lisi inicial de possibilitats, viabilitat i normativa, fins a la definici\u00f3 de solucions t\u00e8cniques espec\u00edfiques.<br><br>Consultoria per a la presa de decisions sobre reformes, obra nova, rehabilitaci\u00f3 o legalitzaci\u00f3 dimmobles.<br><br>Acompanyament en tr\u00e0mits administratius i urban\u00edstics, ajudant el client a gestionar llic\u00e8ncies, permisos i documentaci\u00f3 necess\u00e0ria per a qualsevol intervenci\u00f3 arquitect\u00f2nica.<br><br>Atenci\u00f3 personalitzada per resoldre dubtes, optimitzar recursos i aconseguir que les idees i objectius del client es converteixin en projectes viables i exitosos.<\/p><\/div>\n\n\n\n<div class=\"wp-block-uagb-image uagb-block-1006948d wp-block-uagb-image--layout-default wp-block-uagb-image--effect-static wp-block-uagb-image--align-none\"><figure class=\"wp-block-uagb-image__figure\"><img decoding=\"async\" srcset=\"https:\/\/vicentbertranarquitecto.com\/wp-content\/uploads\/2025\/07\/10-1024x1024.jpg ,https:\/\/vicentbertranarquitecto.com\/wp-content\/uploads\/2025\/07\/10-scaled.jpg 780w, https:\/\/vicentbertranarquitecto.com\/wp-content\/uploads\/2025\/07\/10-scaled.jpg 360w\" sizes=\"auto, (max-width: 480px) 150px\" src=\"https:\/\/vicentbertranarquitecto.com\/wp-content\/uploads\/2025\/07\/10-1024x1024.jpg\" alt=\"\" class=\"uag-image-819\" width=\"430\" height=\"500\" title=\"10\" loading=\"lazy\" role=\"img\"\/><\/figure><\/div>\n<\/div><\/div>\n\n\n\n<div class=\"wp-block-uagb-container uagb-block-39e2af3e alignfull uagb-is-root-container\"><div class=\"uagb-container-inner-blocks-wrap\">\n<div class=\"wp-block-uagb-image uagb-block-35a2e8a0 wp-block-uagb-image--layout-default wp-block-uagb-image--effect-static wp-block-uagb-image--align-none\"><figure class=\"wp-block-uagb-image__figure\"><img decoding=\"async\" srcset=\"https:\/\/vicentbertranarquitecto.com\/wp-content\/uploads\/2025\/07\/8-1024x1024.jpg ,https:\/\/vicentbertranarquitecto.com\/wp-content\/uploads\/2025\/07\/8-scaled.jpg 780w, https:\/\/vicentbertranarquitecto.com\/wp-content\/uploads\/2025\/07\/8-scaled.jpg 360w\" sizes=\"auto, (max-width: 480px) 150px\" src=\"https:\/\/vicentbertranarquitecto.com\/wp-content\/uploads\/2025\/07\/8-1024x1024.jpg\" alt=\"\" class=\"uag-image-817\" width=\"430\" height=\"500\" title=\"8\" loading=\"lazy\" role=\"img\"\/><\/figure><\/div>\n\n\n\n<div class=\"wp-block-uagb-advanced-heading uagb-block-c2737b84\"><h3 class=\"uagb-heading-text\">Projectes a mida<\/h3><div class=\"uagb-separator\"><\/div><\/div>\n\n\n\n<div class=\"wp-block-uagb-advanced-heading uagb-block-8f5e1c01\"><p class=\"uagb-desc-text\">Disseny de projectes totalment personalitzats, adaptats a les necessitats, gustos i estil de vida de cada client.<br><br>Desenvolupament dhabitatges unifamiliars, reformes, locals comercials i oficines, amb una visi\u00f3 innovadora, contempor\u00e0nia i funcional.<br><br>Cada projecte parteix d&#039;una escolta activa al client i una an\u00e0lisi detallada de les expectatives i de l&#039;entorn, resultant en solucions \u00faniques tant a nivell est\u00e8tic com t\u00e8cnic.<br><br>Projectes que busquen no nom\u00e9s optimitzar l&#039;espai, sin\u00f3 tamb\u00e9 crear ambients confortables i \u201cvivibles\u201d, on prevalgui el benestar i la personalitat dels qui en gaudeixen.<\/p><\/div>\n<\/div><\/div>","protected":false},"excerpt":{"rendered":"<p>Serveis Els nostres serveis, la teva idea. Reformes Realitzaci\u00f3 de reformes integrals i parcials tant a habitatges com a locals i oficines. Enfocament a la modernitat, l&#039;optimitzaci\u00f3 de l&#039;espai, la funcionalitat i la qualitat de materials. Especial atenci\u00f3 a adaptar cada reforma a les necessitats i estil de vida de cada client, buscant sempre crear espais [\u2026]<\/p>","protected":false},"author":1,"featured_media":0,"parent":0,"menu_order":0,"comment_status":"closed","ping_status":"closed","template":"","meta":{"_uag_custom_page_level_css":"","site-sidebar-layout":"no-sidebar","site-content-layout":"page-builder","ast-site-content-layout":"full-width-container","site-content-style":"unboxed","site-sidebar-style":"unboxed","ast-global-header-display":"","ast-banner-title-visibility":"","ast-main-header-display":"","ast-hfb-above-header-display":"","ast-hfb-below-header-display":"","ast-hfb-mobile-header-display":"","site-post-title":"disabled","ast-breadcrumbs-content":"","ast-featured-img":"disabled","footer-sml-layout":"","theme-transparent-header-meta":"enabled","adv-header-id-meta":"","stick-header-meta":"","header-above-stick-meta":"","header-main-stick-meta":"","header-below-stick-meta":"","astra-migrate-meta-layouts":"set","ast-page-background-enabled":"default","ast-page-background-meta":{"desktop":{"background-color":"var(--ast-global-color-4)","background-image":"","background-repeat":"repeat","background-position":"center center","background-size":"auto","background-attachment":"scroll","background-type":"","background-media":"","overlay-type":"","overlay-color":"","overlay-opacity":"","overlay-gradient":""},"tablet":{"background-color":"","background-image":"","background-repeat":"repeat","background-position":"center center","background-size":"auto","background-attachment":"scroll","background-type":"","background-media":"","overlay-type":"","overlay-color":"","overlay-opacity":"","overlay-gradient":""},"mobile":{"background-color":"","background-image":"","background-repeat":"repeat","background-position":"center center","background-size":"auto","background-attachment":"scroll","background-type":"","background-media":"","overlay-type":"","overlay-color":"","overlay-opacity":"","overlay-gradient":""}},"ast-content-background-meta":{"desktop":{"background-color":"var(--ast-global-color-5)","background-image":"","background-repeat":"repeat","background-position":"center center","background-size":"auto","background-attachment":"scroll","background-type":"","background-media":"","overlay-type":"","overlay-color":"","overlay-opacity":"","overlay-gradient":""},"tablet":{"background-color":"var(--ast-global-color-5)","background-image":"","background-repeat":"repeat","background-position":"center center","background-size":"auto","background-attachment":"scroll","background-type":"","background-media":"","overlay-type":"","overlay-color":"","overlay-opacity":"","overlay-gradient":""},"mobile":{"background-color":"var(--ast-global-color-5)","background-image":"","background-repeat":"repeat","background-position":"center center","background-size":"auto","background-attachment":"scroll","background-type":"","background-media":"","overlay-type":"","overlay-color":"","overlay-opacity":"","overlay-gradient":""}},"footnotes":""},"class_list":["post-368","page","type-page","status-publish","hentry"],"uagb_featured_image_src":{"full":false,"thumbnail":false,"medium":false,"medium_large":false,"large":false,"1536x1536":false,"2048x2048":false,"trp-custom-language-flag":false},"uagb_author_info":{"display_name":"vicentbertranarquitecto.com","author_link":"https:\/\/vicentbertranarquitecto.com\/ca\/author\/vicentbertranarquitecto-com\/"},"uagb_comment_info":0,"uagb_excerpt":"Servicios Nuestros servicios, tu idea. Reformas Realizaci\u00f3n de reformas integrales y parciales tanto en viviendas como en locales y oficinas. Enfoque en la modernidad, la optimizaci\u00f3n del espacio, la funcionalidad y la calidad de materiales. Especial atenci\u00f3n a adaptar cada reforma a las necesidades y estilo de vida de cada cliente, buscando siempre crear espacios&hellip;","_links":{"self":[{"href":"https:\/\/vicentbertranarquitecto.com\/ca\/wp-json\/wp\/v2\/pages\/368","targetHints":{"allow":["GET"]}}],"collection":[{"href":"https:\/\/vicentbertranarquitecto.com\/ca\/wp-json\/wp\/v2\/pages"}],"about":[{"href":"https:\/\/vicentbertranarquitecto.com\/ca\/wp-json\/wp\/v2\/types\/page"}],"author":[{"embeddable":true,"href":"https:\/\/vicentbertranarquitecto.com\/ca\/wp-json\/wp\/v2\/users\/1"}],"replies":[{"embeddable":true,"href":"https:\/\/vicentbertranarquitecto.com\/ca\/wp-json\/wp\/v2\/comments?post=368"}],"version-history":[{"count":7,"href":"https:\/\/vicentbertranarquitecto.com\/ca\/wp-json\/wp\/v2\/pages\/368\/revisions"}],"predecessor-version":[{"id":867,"href":"https:\/\/vicentbertranarquitecto.com\/ca\/wp-json\/wp\/v2\/pages\/368\/revisions\/867"}],"wp:attachment":[{"href":"https:\/\/vicentbertranarquitecto.com\/ca\/wp-json\/wp\/v2\/media?parent=368"}],"curies":[{"name":"wp","href":"https:\/\/api.w.org\/{rel}","templated":true}]}}